{"id":10782,"date":"2023-10-04T15:28:45","date_gmt":"2023-10-04T15:28:45","guid":{"rendered":"https:\/\/btrust.ma\/wp\/?page_id=10782"},"modified":"2023-11-20T13:45:15","modified_gmt":"2023-11-20T13:45:15","slug":"training-awareness","status":"publish","type":"page","link":"https:\/\/btrust.ma\/en\/training-awareness\/","title":{"rendered":"Training and awareness-raising"},"content":{"rendered":"<div data-elementor-type=\"wp-page\" data-elementor-id=\"10782\" class=\"elementor elementor-10782\">\n\t\t\t\t        <section class=\"elementor-section elementor-top-section elementor-element elementor-element-d3c638b elementor-section-boxed elementor-section-height-default elementor-section-height-default pxl-section-line-left-no pxl-section-line-right-no pxl-section-static-pos-no pxl-section-overflow-hidden-no\" data-id=\"d3c638b\" data-element_type=\"section\">\n\n                \n                <div class=\"elementor-container elementor-column-gap-default\">\n                <div class=\"elementor-column elementor-col-50 elementor-top-column elementor-element elementor-element-57fdc450 pxl-column-element-default pxl-column-overflow-hidden-no\" data-id=\"57fdc450\" data-element_type=\"column\">\r\n        <div class=\"elementor-widget-wrap elementor-element-populated\">\r\n                     \r\n        \t\t<div class=\"elementor-element elementor-element-1424a582 pxl-wg-bd-anm-no elementor-widget elementor-widget-pxl_text_editor\" data-id=\"1424a582\" data-element_type=\"widget\" data-widget_type=\"pxl_text_editor.default\">\n\t\t\t\t<div class=\"elementor-widget-container\">\n\t\t\t\t\t<div id=\"pxl_text_editor-1424a582-3355\" class=\"pxl-text-editor-wrap d-flex\" >\n\t<div class=\"pxl-text-editor elementor-clearfix\">\n\t\t\t\t\n\t<\/div>\n<\/div>\t\t\t\t<\/div>\n\t\t\t\t<\/div>\n\t\t\t\t<div class=\"elementor-element elementor-element-f556576 pxl-wg-bd-anm-no elementor-widget elementor-widget-pxl_heading\" data-id=\"f556576\" data-element_type=\"widget\" data-widget_type=\"pxl_heading.default\">\n\t\t\t\t<div class=\"elementor-widget-container\">\n\t\t\t\t\t<div class=\"pxl-heading-wrap d-flex\">\n    <div class=\"pxl-heading-inner\">\n                <div class=\"heading-title\">\n            Cybersecurity training:        <\/div>\n            <\/div>\n<\/div>\n\n\t\t\t\t<\/div>\n\t\t\t\t<\/div>\n\t\t\t\t<div class=\"elementor-element elementor-element-6da52729 pxl-wg-bd-anm-no elementor-widget elementor-widget-pxl_text_editor\" data-id=\"6da52729\" data-element_type=\"widget\" data-widget_type=\"pxl_text_editor.default\">\n\t\t\t\t<div class=\"elementor-widget-container\">\n\t\t\t\t\t<div id=\"pxl_text_editor-6da52729-7149\" class=\"pxl-text-editor-wrap d-flex\" >\n\t<div class=\"pxl-text-editor elementor-clearfix\">\n\t\t<p>We offer tailor-made training sessions to make your employees aware of security risks and teach them information security best practices. Our training courses will help reinforce the security culture within your organization.<\/p>\t\t\n\t<\/div>\n<\/div>\t\t\t\t<\/div>\n\t\t\t\t<\/div>\n\t\t        <section class=\"elementor-section elementor-inner-section elementor-element elementor-element-7b9c112d elementor-section-boxed elementor-section-height-default elementor-section-height-default pxl-section-line-left-no pxl-section-line-right-no pxl-section-static-pos-no pxl-section-overflow-hidden-no\" data-id=\"7b9c112d\" data-element_type=\"section\">\n\n                \n                <div class=\"elementor-container elementor-column-gap-default\">\n                <div class=\"elementor-column elementor-col-100 elementor-inner-column elementor-element elementor-element-5c4a44f4 pxl-column-element-default pxl-column-overflow-hidden-no\" data-id=\"5c4a44f4\" data-element_type=\"column\">\r\n        <div class=\"elementor-widget-wrap elementor-element-populated\">\r\n                     \r\n        \t\t<div class=\"elementor-element elementor-element-30e0f1fe overflow-hidden pxl-wg-bd-anm-no elementor-widget elementor-widget-pxl_image\" data-id=\"30e0f1fe\" data-element_type=\"widget\" data-widget_type=\"pxl_image.default\">\n\t\t\t\t<div class=\"elementor-widget-container\">\n\t\t\t\t\t<div id=\"pxl_image-30e0f1fe-7840\" class=\"pxl-image-wg bg-halp\">\r\n\t\t<img fetchpriority=\"high\" decoding=\"async\" width=\"2560\" height=\"1707\" src=\"https:\/\/btrust.ma\/wp-content\/uploads\/2023\/11\/d-s4-min.jpg\" class=\"elementor-animation-grow attachment-full size-full wp-image-11436\" alt=\"\" srcset=\"https:\/\/btrust.ma\/wp-content\/uploads\/2023\/11\/d-s4-min.jpg 2560w, https:\/\/btrust.ma\/wp-content\/uploads\/2023\/11\/d-s4-min-768x512.jpg 768w, https:\/\/btrust.ma\/wp-content\/uploads\/2023\/11\/d-s4-min-1536x1024.jpg 1536w, https:\/\/btrust.ma\/wp-content\/uploads\/2023\/11\/d-s4-min-2048x1366.jpg 2048w, https:\/\/btrust.ma\/wp-content\/uploads\/2023\/11\/d-s4-min-18x12.jpg 18w, https:\/\/btrust.ma\/wp-content\/uploads\/2023\/11\/d-s4-min-1065x710.jpg 1065w\" sizes=\"(max-width: 2560px) 100vw, 2560px\" \/>\t<\/div>\r\n\t\t\t\t<\/div>\n\t\t\t\t<\/div>\n\t\t            <\/div>\r\n        <\/div>\r\n        \t\t\t<\/div>\n\t\t<\/section>\n\t\t\t\t<div class=\"elementor-element elementor-element-32caf2d2 pxl-wg-bd-anm-no elementor-widget elementor-widget-pxl_heading\" data-id=\"32caf2d2\" data-element_type=\"widget\" data-widget_type=\"pxl_heading.default\">\n\t\t\t\t<div class=\"elementor-widget-container\">\n\t\t\t\t\t<div class=\"pxl-heading-wrap d-flex\">\n    <div class=\"pxl-heading-inner\">\n                <div class=\"heading-title\">\n            Payment systems security training:        <\/div>\n            <\/div>\n<\/div>\n\n\t\t\t\t<\/div>\n\t\t\t\t<\/div>\n\t\t\t\t<div class=\"elementor-element elementor-element-6c5ea501 pxl-wg-bd-anm-no elementor-widget elementor-widget-pxl_text_editor\" data-id=\"6c5ea501\" data-element_type=\"widget\" data-widget_type=\"pxl_text_editor.default\">\n\t\t\t\t<div class=\"elementor-widget-container\">\n\t\t\t\t\t<div id=\"pxl_text_editor-6c5ea501-5333\" class=\"pxl-text-editor-wrap d-flex\" >\n\t<div class=\"pxl-text-editor elementor-clearfix\">\n\t\t<p>We offer training sessions to familiarize your staff with the various payment systems and the appropriate security measures to put in place to ensure optimum security and reduce the risk of internal and external fraud.<\/p>\t\t\n\t<\/div>\n<\/div>\t\t\t\t<\/div>\n\t\t\t\t<\/div>\n\t\t\t\t<div class=\"elementor-element elementor-element-eb97e19 pxl-wg-bd-anm-no elementor-widget elementor-widget-pxl_heading\" data-id=\"eb97e19\" data-element_type=\"widget\" data-widget_type=\"pxl_heading.default\">\n\t\t\t\t<div class=\"elementor-widget-container\">\n\t\t\t\t\t<div class=\"pxl-heading-wrap d-flex\">\n    <div class=\"pxl-heading-inner\">\n                <div class=\"heading-title\">\n            Raising awareness of IS risks:        <\/div>\n            <\/div>\n<\/div>\n\n\t\t\t\t<\/div>\n\t\t\t\t<\/div>\n\t\t\t\t<div class=\"elementor-element elementor-element-1a38956b pxl-wg-bd-anm-no elementor-widget elementor-widget-pxl_text_editor\" data-id=\"1a38956b\" data-element_type=\"widget\" data-widget_type=\"pxl_text_editor.default\">\n\t\t\t\t<div class=\"elementor-widget-container\">\n\t\t\t\t\t<div id=\"pxl_text_editor-1a38956b-7998\" class=\"pxl-text-editor-wrap d-flex\" >\n\t<div class=\"pxl-text-editor elementor-clearfix\">\n\t\t\t\t\n\t<\/div>\n<\/div>\t\t\t\t<\/div>\n\t\t\t\t<\/div>\n\t\t\t\t<div class=\"elementor-element elementor-element-e2c26e8 pxl-wg-bd-anm-no elementor-widget elementor-widget-pxl_text_editor\" data-id=\"e2c26e8\" data-element_type=\"widget\" data-widget_type=\"pxl_text_editor.default\">\n\t\t\t\t<div class=\"elementor-widget-container\">\n\t\t\t\t\t<div id=\"pxl_text_editor-e2c26e8-4719\" class=\"pxl-text-editor-wrap d-flex\" >\n\t<div class=\"pxl-text-editor elementor-clearfix\">\n\t\t<p>We organize awareness campaigns to warn your employees of security risks and inform them about the latest threats. We help you create a security-conscious and proactive culture.<\/p>\t\t\n\t<\/div>\n<\/div>\t\t\t\t<\/div>\n\t\t\t\t<\/div>\n\t\t\t\t<div class=\"elementor-element elementor-element-6020324 pxl-wg-bd-anm-no elementor-widget elementor-widget-pxl_heading\" data-id=\"6020324\" data-element_type=\"widget\" data-widget_type=\"pxl_heading.default\">\n\t\t\t\t<div class=\"elementor-widget-container\">\n\t\t\t\t\t<div class=\"pxl-heading-wrap d-flex\">\n    <div class=\"pxl-heading-inner\">\n                <div class=\"heading-title\">\n            Certifying courses:        <\/div>\n            <\/div>\n<\/div>\n\n\t\t\t\t<\/div>\n\t\t\t\t<\/div>\n\t\t\t\t<div class=\"elementor-element elementor-element-a20f162 pxl-wg-bd-anm-no elementor-widget elementor-widget-pxl_text_editor\" data-id=\"a20f162\" data-element_type=\"widget\" data-widget_type=\"pxl_text_editor.default\">\n\t\t\t\t<div class=\"elementor-widget-container\">\n\t\t\t\t\t<div id=\"pxl_text_editor-a20f162-3776\" class=\"pxl-text-editor-wrap d-flex\" >\n\t<div class=\"pxl-text-editor elementor-clearfix\">\n\t\t<p>We offer certified training courses run by our accredited expert trainers with real experience in the field.<\/p>\t\t\n\t<\/div>\n<\/div>\t\t\t\t<\/div>\n\t\t\t\t<\/div>\n\t\t            <\/div>\r\n        <\/div>\r\n                <div class=\"elementor-column elementor-col-50 elementor-top-column elementor-element elementor-element-2d2977d7 pxl-column-element-default pxl-column-overflow-hidden-no\" data-id=\"2d2977d7\" data-element_type=\"column\">\r\n        <div class=\"elementor-widget-wrap elementor-element-populated\">\r\n                     \r\n        \t\t<div class=\"elementor-element elementor-element-48346943 pxl-wg-bd-anm-no elementor-widget elementor-widget-pxl_heading\" data-id=\"48346943\" data-element_type=\"widget\" data-widget_type=\"pxl_heading.default\">\n\t\t\t\t<div class=\"elementor-widget-container\">\n\t\t\t\t\t<div class=\"pxl-heading-wrap d-flex\">\n    <div class=\"pxl-heading-inner start\">\n                <div class=\"heading-title\">\n            Our services        <\/div>\n            <\/div>\n<\/div>\n\n\t\t\t\t<\/div>\n\t\t\t\t<\/div>\n\t\t\t\t<div class=\"elementor-element elementor-element-2d332182 pxl-links-layout-2 pxl-wg-bd-anm-yes elementor-widget-laptop__width-initial elementor-widget elementor-widget-pxl_links\" data-id=\"2d332182\" data-element_type=\"widget\" data-widget_type=\"pxl_links.default\">\n\t\t\t\t<div class=\"elementor-widget-container\">\n\t\t\t\t\t<div class=\"pxl-border-animated num-4\">\r\n        <div class=\"pxl-border-anm bt w-100  bw-yes\" style=\"--bd-width: 1px 0 0 0; border-style: solid; border-color: #F4F5F5;\"><\/div>\r\n        <div class=\"pxl-border-anm br h-100  bw-yes\" style=\"--bd-width: 0 1px 0 0; border-style: solid; border-color: #F4F5F5;\"><\/div>\r\n        <div class=\"pxl-border-anm bb w-100  bw-yes\" style=\"--bd-width: 0 0 1px 0; border-style: solid; border-color: #F4F5F5;\"><\/div>\r\n        <div class=\"pxl-border-anm bl h-100  bw-yes\" style=\"--bd-width: 0 0 0 1px; border-style: solid; border-color: #F4F5F5;\"><\/div>\r\n        <\/div>    <ul class=\"pxl-links d-flex flex-column layout-2 list-unstyled\">\r\n                            <li class=\"link-item\">\r\n                        <a href=\"\/en\/grc\/\">\r\n                            <span>Consulting in Governance, Risk and Compliance (GRC)<\/span>\r\n                        <\/a>\r\n                    <\/li>\r\n                                \r\n                            <li class=\"link-item\">\r\n                        <a href=\"\/en\/cybersecurity-Services\/\">\r\n                            <span>Cybersecurity Services<\/span>\r\n                        <\/a>\r\n                    <\/li>\r\n                                \r\n                            <li class=\"link-item\">\r\n                        <a href=\"\/en\/information-security-technologies\/\">\r\n                            <span>Information security technologies<\/span>\r\n                        <\/a>\r\n                    <\/li>\r\n                                \r\n                            <li class=\"link-item\">\r\n                        <a href=\"\/en\/training-awareness\/\">\r\n                            <span>Training and awareness-raising<\/span>\r\n                        <\/a>\r\n                    <\/li>\r\n                                \r\n            <\/ul>\r\n\t\t\t\t<\/div>\n\t\t\t\t<\/div>\n\t\t\t\t<div class=\"elementor-element elementor-element-bbbc792 pxl-banner-layout-2 pxl-wg-bd-anm-no elementor-invisible pxl-elementor-animate elementor-widget elementor-widget-pxl_banner\" data-id=\"bbbc792\" data-element_type=\"widget\" data-settings=\"{&quot;_animation&quot;:&quot;fadeInUp&quot;}\" data-widget_type=\"pxl_banner.default\">\n\t\t\t\t<div class=\"elementor-widget-container\">\n\t\t\t\t\t<div class=\"pxl-banner layout-2\">\r\n    <div class=\"banner-inner relative overflow-hidden pxl-parallax-background\">\r\n                    <div class=\"img-box parallax-inner\" style=\"background-image: url('http:\/\/btrust.ma\/wp\/wp-content\/uploads\/2022\/12\/service-detail-img4s.jpg');\" ><\/div>\r\n                <div class=\"pxl-overlay\"><\/div>\r\n        <div class=\"bn-content text-center absolute\">\r\n                            <a href=\"#\">\r\n                                        <div class=\"bn-title\" data-parallax='{\"y\": -30}'>Best Architecture Consulting Services<\/div>\r\n             \r\n                            <\/a>\r\n                    <\/div>\r\n    <\/div>\r\n<\/div>\t\t\t\t<\/div>\n\t\t\t\t<\/div>\n\t\t            <\/div>\r\n        <\/div>\r\n        \t\t\t<\/div>\n\t\t<\/section>\n\t\t\t\t<\/div>","protected":false},"excerpt":{"rendered":"<p>Formations en cybers\u00e9curit\u00e9 : Nous proposons des sessions de formation sur mesure pour sensibiliser vos employ\u00e9s aux risques de s\u00e9curit\u00e9 et leur apprendre les meilleures pratiques en mati\u00e8re de s\u00e9curit\u00e9 de l&#8217;information. Nos formations aideront \u00e0 renforcer la culture de la s\u00e9curit\u00e9 au sein de votre organisation. Formations en s\u00e9curit\u00e9 des syst\u00e8mes de paiement : [&hellip;]<\/p>","protected":false},"author":1,"featured_media":0,"parent":0,"menu_order":0,"comment_status":"closed","ping_status":"closed","template":"","meta":{"footnotes":""},"class_list":["post-10782","page","type-page","status-publish","hentry"],"aioseo_notices":[],"_links":{"self":[{"href":"https:\/\/btrust.ma\/en\/wp-json\/wp\/v2\/pages\/10782","targetHints":{"allow":["GET"]}}],"collection":[{"href":"https:\/\/btrust.ma\/en\/wp-json\/wp\/v2\/pages"}],"about":[{"href":"https:\/\/btrust.ma\/en\/wp-json\/wp\/v2\/types\/page"}],"author":[{"embeddable":true,"href":"https:\/\/btrust.ma\/en\/wp-json\/wp\/v2\/users\/1"}],"replies":[{"embeddable":true,"href":"https:\/\/btrust.ma\/en\/wp-json\/wp\/v2\/comments?post=10782"}],"version-history":[{"count":22,"href":"https:\/\/btrust.ma\/en\/wp-json\/wp\/v2\/pages\/10782\/revisions"}],"predecessor-version":[{"id":11439,"href":"https:\/\/btrust.ma\/en\/wp-json\/wp\/v2\/pages\/10782\/revisions\/11439"}],"wp:attachment":[{"href":"https:\/\/btrust.ma\/en\/wp-json\/wp\/v2\/media?parent=10782"}],"curies":[{"name":"wp","href":"https:\/\/api.w.org\/{rel}","templated":true}]}}