{"id":10776,"date":"2023-10-04T15:16:18","date_gmt":"2023-10-04T15:16:18","guid":{"rendered":"https:\/\/btrust.ma\/wp\/?page_id=10776"},"modified":"2023-11-20T13:43:51","modified_gmt":"2023-11-20T13:43:51","slug":"cybersecurity-services","status":"publish","type":"page","link":"https:\/\/btrust.ma\/en\/cybersecurity-services\/","title":{"rendered":"Cybersecurity Services"},"content":{"rendered":"<div data-elementor-type=\"wp-page\" data-elementor-id=\"10776\" class=\"elementor elementor-10776\">\n\t\t\t\t        <section class=\"elementor-section elementor-top-section elementor-element elementor-element-73f6a765 elementor-section-boxed elementor-section-height-default elementor-section-height-default pxl-section-line-left-no pxl-section-line-right-no pxl-section-static-pos-no pxl-section-overflow-hidden-no\" data-id=\"73f6a765\" data-element_type=\"section\">\n\n                \n                <div class=\"elementor-container elementor-column-gap-default\">\n                <div class=\"elementor-column elementor-col-50 elementor-top-column elementor-element elementor-element-58c46478 pxl-column-element-default pxl-column-overflow-hidden-no\" data-id=\"58c46478\" data-element_type=\"column\">\r\n        <div class=\"elementor-widget-wrap elementor-element-populated\">\r\n                     \r\n        \t\t<div class=\"elementor-element elementor-element-6109db40 pxl-wg-bd-anm-no elementor-widget elementor-widget-pxl_text_editor\" data-id=\"6109db40\" data-element_type=\"widget\" data-widget_type=\"pxl_text_editor.default\">\n\t\t\t\t<div class=\"elementor-widget-container\">\n\t\t\t\t\t<div id=\"pxl_text_editor-6109db40-1848\" class=\"pxl-text-editor-wrap d-flex\" >\n\t<div class=\"pxl-text-editor elementor-clearfix\">\n\t\t<p>BTRUST ADVISORY &amp; TECHNOLOGY, through its team of cybersecurity experts, offers a complete range of services to reinforce the security of your Information System and your applications.<\/p>\t\t\n\t<\/div>\n<\/div>\t\t\t\t<\/div>\n\t\t\t\t<\/div>\n\t\t\t\t<div class=\"elementor-element elementor-element-26d42ed6 pxl-wg-bd-anm-no elementor-widget elementor-widget-pxl_heading\" data-id=\"26d42ed6\" data-element_type=\"widget\" data-widget_type=\"pxl_heading.default\">\n\t\t\t\t<div class=\"elementor-widget-container\">\n\t\t\t\t\t<div class=\"pxl-heading-wrap d-flex\">\n    <div class=\"pxl-heading-inner\">\n                <div class=\"heading-title\">\n            Information Systems Security Audit        <\/div>\n            <\/div>\n<\/div>\n\n\t\t\t\t<\/div>\n\t\t\t\t<\/div>\n\t\t\t\t<div class=\"elementor-element elementor-element-17c74784 elementor-widget-laptop__width-initial pxl-wg-bd-anm-no elementor-widget elementor-widget-pxl_text_editor\" data-id=\"17c74784\" data-element_type=\"widget\" data-widget_type=\"pxl_text_editor.default\">\n\t\t\t\t<div class=\"elementor-widget-container\">\n\t\t\t\t\t<div id=\"pxl_text_editor-17c74784-5346\" class=\"pxl-text-editor-wrap d-flex\" >\n\t<div class=\"pxl-text-editor elementor-clearfix\">\n\t\t<ul><li>Audit of IS architectures and implementation of IS security and network segmentation strategies.<\/li><li>Configuration audit of network and system equipment<\/li><li>Internal and external penetration testing<\/li><li>Internal and external vulnerabilities scan<\/li><li>Wifi hotspots security auditing<\/li><\/ul>\t\t\n\t<\/div>\n<\/div>\t\t\t\t<\/div>\n\t\t\t\t<\/div>\n\t\t        <section class=\"elementor-section elementor-inner-section elementor-element elementor-element-107097be elementor-section-boxed elementor-section-height-default elementor-section-height-default pxl-section-line-left-no pxl-section-line-right-no pxl-section-static-pos-no pxl-section-overflow-hidden-no\" data-id=\"107097be\" data-element_type=\"section\">\n\n                \n                <div class=\"elementor-container elementor-column-gap-default\">\n                <div class=\"elementor-column elementor-col-100 elementor-inner-column elementor-element elementor-element-75fd7ee7 pxl-column-element-default\" data-id=\"75fd7ee7\" data-element_type=\"column\">\r\n        <div class=\"elementor-widget-wrap elementor-element-populated\">\r\n                     \r\n        \t\t<div class=\"elementor-element elementor-element-4d60e51c overflow-hidden pxl-wg-bd-anm-no elementor-widget elementor-widget-pxl_image\" data-id=\"4d60e51c\" data-element_type=\"widget\" data-widget_type=\"pxl_image.default\">\n\t\t\t\t<div class=\"elementor-widget-container\">\n\t\t\t\t\t<div id=\"pxl_image-4d60e51c-5372\" class=\"pxl-image-wg bg-halp\">\r\n\t\t<img fetchpriority=\"high\" decoding=\"async\" width=\"2560\" height=\"1709\" src=\"https:\/\/btrust.ma\/wp-content\/uploads\/2023\/11\/d-s2-min.jpg\" class=\"elementor-animation-grow attachment-full size-full wp-image-11428\" alt=\"\" srcset=\"https:\/\/btrust.ma\/wp-content\/uploads\/2023\/11\/d-s2-min.jpg 2560w, https:\/\/btrust.ma\/wp-content\/uploads\/2023\/11\/d-s2-min-768x513.jpg 768w, https:\/\/btrust.ma\/wp-content\/uploads\/2023\/11\/d-s2-min-1536x1025.jpg 1536w, https:\/\/btrust.ma\/wp-content\/uploads\/2023\/11\/d-s2-min-2048x1367.jpg 2048w, https:\/\/btrust.ma\/wp-content\/uploads\/2023\/11\/d-s2-min-18x12.jpg 18w, https:\/\/btrust.ma\/wp-content\/uploads\/2023\/11\/d-s2-min-1064x710.jpg 1064w\" sizes=\"(max-width: 2560px) 100vw, 2560px\" \/>\t<\/div>\r\n\t\t\t\t<\/div>\n\t\t\t\t<\/div>\n\t\t            <\/div>\r\n        <\/div>\r\n        \t\t\t<\/div>\n\t\t<\/section>\n\t\t\t\t<div class=\"elementor-element elementor-element-7dfb32ef pxl-wg-bd-anm-no elementor-widget elementor-widget-pxl_heading\" data-id=\"7dfb32ef\" data-element_type=\"widget\" data-widget_type=\"pxl_heading.default\">\n\t\t\t\t<div class=\"elementor-widget-container\">\n\t\t\t\t\t<div class=\"pxl-heading-wrap d-flex\">\n    <div class=\"pxl-heading-inner\">\n                <div class=\"heading-title\">\n            Application Security Audit        <\/div>\n            <\/div>\n<\/div>\n\n\t\t\t\t<\/div>\n\t\t\t\t<\/div>\n\t\t\t\t<div class=\"elementor-element elementor-element-4a2fd733 pxl-wg-bd-anm-no elementor-widget elementor-widget-pxl_text_editor\" data-id=\"4a2fd733\" data-element_type=\"widget\" data-widget_type=\"pxl_text_editor.default\">\n\t\t\t\t<div class=\"elementor-widget-container\">\n\t\t\t\t\t<div id=\"pxl_text_editor-4a2fd733-4604\" class=\"pxl-text-editor-wrap d-flex\" >\n\t<div class=\"pxl-text-editor elementor-clearfix\">\n\t\t<ul><li>Application penetration testing<\/li><li>Application vulnerability scanning<\/li><li>Configuration audit of applications dependencies<\/li><li>Code review<\/li><\/ul>\t\t\n\t<\/div>\n<\/div>\t\t\t\t<\/div>\n\t\t\t\t<\/div>\n\t\t\t\t<div class=\"elementor-element elementor-element-ab62ef5 pxl-wg-bd-anm-no elementor-widget elementor-widget-pxl_heading\" data-id=\"ab62ef5\" data-element_type=\"widget\" data-widget_type=\"pxl_heading.default\">\n\t\t\t\t<div class=\"elementor-widget-container\">\n\t\t\t\t\t<div class=\"pxl-heading-wrap d-flex\">\n    <div class=\"pxl-heading-inner\">\n                <div class=\"heading-title\">\n            Vulnerability scan service        <\/div>\n            <\/div>\n<\/div>\n\n\t\t\t\t<\/div>\n\t\t\t\t<\/div>\n\t\t\t\t<div class=\"elementor-element elementor-element-3c807be pxl-wg-bd-anm-no elementor-widget elementor-widget-pxl_text_editor\" data-id=\"3c807be\" data-element_type=\"widget\" data-widget_type=\"pxl_text_editor.default\">\n\t\t\t\t<div class=\"elementor-widget-container\">\n\t\t\t\t\t<div id=\"pxl_text_editor-3c807be-4735\" class=\"pxl-text-editor-wrap d-flex\" >\n\t<div class=\"pxl-text-editor elementor-clearfix\">\n\t\t<p>Regarding \u201cvulnerability Scan as a Service\" offer, our team of experts is on hand to support you throughout the scanning process, from analyzing the results to implementing the remediation measures needed to strengthen the security of your digital assets.<\/p>\t\t\n\t<\/div>\n<\/div>\t\t\t\t<\/div>\n\t\t\t\t<\/div>\n\t\t\t\t<div class=\"elementor-element elementor-element-6050813e pxl-wg-bd-anm-no elementor-widget elementor-widget-pxl_text_editor\" data-id=\"6050813e\" data-element_type=\"widget\" data-widget_type=\"pxl_text_editor.default\">\n\t\t\t\t<div class=\"elementor-widget-container\">\n\t\t\t\t\t<div id=\"pxl_text_editor-6050813e-6805\" class=\"pxl-text-editor-wrap d-flex\" >\n\t<div class=\"pxl-text-editor elementor-clearfix\">\n\t\t\t\t\n\t<\/div>\n<\/div>\t\t\t\t<\/div>\n\t\t\t\t<\/div>\n\t\t            <\/div>\r\n        <\/div>\r\n                <div class=\"elementor-column elementor-col-50 elementor-top-column elementor-element elementor-element-4b2e69fc pxl-column-element-default pxl-column-overflow-hidden-no\" data-id=\"4b2e69fc\" data-element_type=\"column\">\r\n        <div class=\"elementor-widget-wrap elementor-element-populated\">\r\n                     \r\n        \t\t<div class=\"elementor-element elementor-element-55688899 pxl-wg-bd-anm-no elementor-widget elementor-widget-pxl_heading\" data-id=\"55688899\" data-element_type=\"widget\" data-widget_type=\"pxl_heading.default\">\n\t\t\t\t<div class=\"elementor-widget-container\">\n\t\t\t\t\t<div class=\"pxl-heading-wrap d-flex layout2\">\r\n    <div class=\"pxl-heading-inner  relative\">\r\n                <div class=\"heading-title\">\r\n            NOS SERVICES        <\/div>\r\n            <\/div>\r\n<\/div>\r\n\r\n\t\t\t\t<\/div>\n\t\t\t\t<\/div>\n\t\t\t\t<div class=\"elementor-element elementor-element-2162ec71 pxl-links-layout-2 pxl-wg-bd-anm-yes elementor-widget-laptop__width-initial elementor-widget elementor-widget-pxl_links\" data-id=\"2162ec71\" data-element_type=\"widget\" data-widget_type=\"pxl_links.default\">\n\t\t\t\t<div class=\"elementor-widget-container\">\n\t\t\t\t\t<div class=\"pxl-border-animated num-4\">\r\n        <div class=\"pxl-border-anm bt w-100  bw-yes\" style=\"--bd-width: 1px 0 0 0; border-style: solid; border-color: ;\"><\/div>\r\n        <div class=\"pxl-border-anm br h-100  bw-yes\" style=\"--bd-width: 0 1px 0 0; border-style: solid; border-color: ;\"><\/div>\r\n        <div class=\"pxl-border-anm bb w-100  bw-yes\" style=\"--bd-width: 0 0 1px 0; border-style: solid; border-color: ;\"><\/div>\r\n        <div class=\"pxl-border-anm bl h-100  bw-yes\" style=\"--bd-width: 0 0 0 1px; border-style: solid; border-color: ;\"><\/div>\r\n        <\/div>    <ul class=\"pxl-links d-flex flex-column layout-2 list-unstyled\">\r\n                            <li class=\"link-item\">\r\n                        <a href=\"\/en\/grc\/\">\r\n                            <span>Consulting in Governance, Risk and Compliance (GRC)<\/span>\r\n                        <\/a>\r\n                    <\/li>\r\n                                \r\n                            <li class=\"link-item\">\r\n                        <a href=\"\/en\/cybersecurity-Services\/\">\r\n                            <span>Cybersecurity Services<\/span>\r\n                        <\/a>\r\n                    <\/li>\r\n                                \r\n                            <li class=\"link-item\">\r\n                        <a href=\"\/en\/information-security-technologies\/\">\r\n                            <span>Information security technologies<\/span>\r\n                        <\/a>\r\n                    <\/li>\r\n                                \r\n                            <li class=\"link-item\">\r\n                        <a href=\"\/en\/training-awareness\/\">\r\n                            <span>Training and awareness-raising<\/span>\r\n                        <\/a>\r\n                    <\/li>\r\n                                \r\n            <\/ul>\r\n\t\t\t\t<\/div>\n\t\t\t\t<\/div>\n\t\t\t\t<div class=\"elementor-element elementor-element-560f92e0 pxl-banner-layout-2 pxl-wg-bd-anm-no elementor-invisible pxl-elementor-animate elementor-widget elementor-widget-pxl_banner\" data-id=\"560f92e0\" data-element_type=\"widget\" data-settings=\"{&quot;_animation&quot;:&quot;fadeInUp&quot;}\" data-widget_type=\"pxl_banner.default\">\n\t\t\t\t<div class=\"elementor-widget-container\">\n\t\t\t\t\t<div class=\"pxl-banner layout-2\">\r\n    <div class=\"banner-inner relative overflow-hidden pxl-parallax-background\">\r\n                    <div class=\"img-box parallax-inner\" style=\"background-image: url('http:\/\/btrust.ma\/wp\/wp-content\/uploads\/2022\/12\/service-detail-img4s.jpg');\" ><\/div>\r\n                <div class=\"pxl-overlay\"><\/div>\r\n        <div class=\"bn-content text-center absolute\">\r\n                            <a href=\"#\">\r\n                                        <div class=\"bn-title\" data-parallax='{\"y\": -30}'>Best Architecture Consulting Services<\/div>\r\n             \r\n                            <\/a>\r\n                    <\/div>\r\n    <\/div>\r\n<\/div>\t\t\t\t<\/div>\n\t\t\t\t<\/div>\n\t\t            <\/div>\r\n        <\/div>\r\n        \t\t\t<\/div>\n\t\t<\/section>\n\t\t\t\t<\/div>","protected":false},"excerpt":{"rendered":"<p>BTRUST ADVISORY &amp; TECHNOLOGY, \u00e0 travers son \u00e9quipe d\u2019experts en cybers\u00e9curit\u00e9, propose une gamme compl\u00e8te de services pour renforcer la s\u00e9curit\u00e9 de votre Syst\u00e8me d&#8217;Information et de vos applications. Audit de s\u00e9curit\u00e9 des Syst\u00e8mes d\u2019Information Audit des architectures SI et mise en place des strat\u00e9gies de s\u00e9curit\u00e9 SI et de cloisonnement. Audit de configuration des [&hellip;]<\/p>","protected":false},"author":1,"featured_media":0,"parent":0,"menu_order":0,"comment_status":"closed","ping_status":"closed","template":"","meta":{"footnotes":""},"class_list":["post-10776","page","type-page","status-publish","hentry"],"aioseo_notices":[],"_links":{"self":[{"href":"https:\/\/btrust.ma\/en\/wp-json\/wp\/v2\/pages\/10776","targetHints":{"allow":["GET"]}}],"collection":[{"href":"https:\/\/btrust.ma\/en\/wp-json\/wp\/v2\/pages"}],"about":[{"href":"https:\/\/btrust.ma\/en\/wp-json\/wp\/v2\/types\/page"}],"author":[{"embeddable":true,"href":"https:\/\/btrust.ma\/en\/wp-json\/wp\/v2\/users\/1"}],"replies":[{"embeddable":true,"href":"https:\/\/btrust.ma\/en\/wp-json\/wp\/v2\/comments?post=10776"}],"version-history":[{"count":35,"href":"https:\/\/btrust.ma\/en\/wp-json\/wp\/v2\/pages\/10776\/revisions"}],"predecessor-version":[{"id":11431,"href":"https:\/\/btrust.ma\/en\/wp-json\/wp\/v2\/pages\/10776\/revisions\/11431"}],"wp:attachment":[{"href":"https:\/\/btrust.ma\/en\/wp-json\/wp\/v2\/media?parent=10776"}],"curies":[{"name":"wp","href":"https:\/\/api.w.org\/{rel}","templated":true}]}}